{"id":121,"date":"2015-04-24T19:11:48","date_gmt":"2015-04-24T19:11:48","guid":{"rendered":"http:\/\/fgosselin.meca.polymtl.ca\/?page_id=121"},"modified":"2021-03-29T19:03:43","modified_gmt":"2021-03-29T23:03:43","slug":"teaching-2","status":"publish","type":"page","link":"https:\/\/fgosselin.meca.polymtl.ca\/?page_id=121&lang=en","title":{"rendered":"Teaching"},"content":{"rendered":"\n<p>Fr\u00e9d\u00e9rick Gosselin teaches the following courses<\/p>\n\n\n\n<p><strong>Interactions Fluide-Structure, MEC6514<\/strong><br>Fluid Structure Interactions<br>All lectures from my half of the course are accessible online for free (in French)<br><a href=\"https:\/\/www.youtube.com\/c\/FrederickGosselin\/playlists?view=50&amp;sort=dd&amp;shelf_id=2\">https:\/\/www.youtube.com\/c\/FrederickGosselin\/playlists?view=50&amp;sort=dd&amp;shelf_id=2<\/a><br>The course material site is available only to registered students<br><a href=\"https:\/\/moodle.polymtl.ca\/course\/view.php?name=MEC6514\">https:\/\/moodle.polymtl.ca\/course\/view.php?name=MEC6514<\/a><\/p>\n\n\n\n<p><strong>\u00c9l\u00e9ments finis en m\u00e9canique du solide, MEC3400<\/strong><br>Finite Elements in Solid Mechanics<br>All lectures are accessible online for free (in French)<br><a href=\"https:\/\/www.youtube.com\/channel\/UCJr1eOFUAQDuuQ5LcQRYmbA\/playlists?view=50&amp;shelf_id=1\">https:\/\/www.youtube.com\/channel\/UCJr1eOFUAQDuuQ5LcQRYmbA\/playlists?view=50&amp;shelf_id=1<\/a><br>The course material site is available only to registered students<br><a href=\"https:\/\/moodle.polymtl.ca\/course\/view.php?id=2387\">https:\/\/moodle.polymtl.ca\/course\/view.php?id=2387<\/a><\/p>\n\n\n\n<p><strong>M\u00e9thodes exp\u00e9rimentales et instrumentation en m\u00e9canique,&nbsp;MEC2115 &amp; AER2100<\/strong><br>Measurement Laboratory and Instrumentation<br><a href=\"https:\/\/moodle.polymtl.ca\/course\/view.php?name=MEC2115\">https:\/\/moodle.polymtl.ca\/course\/view.php?name=MEC2115<\/a><\/p>\n","protected":false},"excerpt":{"rendered":"<p>Fr\u00e9d\u00e9rick Gosselin teaches the following courses Interactions Fluide-Structure, MEC6514Fluid Structure InteractionsAll lectures from my half of the course are accessible online for free (in French)https:\/\/www.youtube.com\/c\/FrederickGosselin\/playlists?view=50&amp;sort=dd&amp;shelf_id=2The course material site is available only to registered studentshttps:\/\/moodle.polymtl.ca\/course\/view.php?name=MEC6514 \u00c9l\u00e9ments finis en m\u00e9canique du solide, &hellip; <a href=\"https:\/\/fgosselin.meca.polymtl.ca\/?page_id=121&#038;lang=en\">Continue reading <span class=\"meta-nav\">&rarr;<\/span><\/a><\/p>\n","protected":false},"author":1,"featured_media":0,"parent":0,"menu_order":0,"comment_status":"closed","ping_status":"open","template":"sidebar-page.php","meta":{"footnotes":""},"class_list":["post-121","page","type-page","status-publish","hentry"],"jetpack_sharing_enabled":true,"jetpack_shortlink":"https:\/\/wp.me\/P66sKU-1X","jetpack-related-posts":[],"_links":{"self":[{"href":"https:\/\/fgosselin.meca.polymtl.ca\/index.php?rest_route=\/wp\/v2\/pages\/121","targetHints":{"allow":["GET"]}}],"collection":[{"href":"https:\/\/fgosselin.meca.polymtl.ca\/index.php?rest_route=\/wp\/v2\/pages"}],"about":[{"href":"https:\/\/fgosselin.meca.polymtl.ca\/index.php?rest_route=\/wp\/v2\/types\/page"}],"author":[{"embeddable":true,"href":"https:\/\/fgosselin.meca.polymtl.ca\/index.php?rest_route=\/wp\/v2\/users\/1"}],"replies":[{"embeddable":true,"href":"https:\/\/fgosselin.meca.polymtl.ca\/index.php?rest_route=%2Fwp%2Fv2%2Fcomments&post=121"}],"version-history":[{"count":3,"href":"https:\/\/fgosselin.meca.polymtl.ca\/index.php?rest_route=\/wp\/v2\/pages\/121\/revisions"}],"predecessor-version":[{"id":608,"href":"https:\/\/fgosselin.meca.polymtl.ca\/index.php?rest_route=\/wp\/v2\/pages\/121\/revisions\/608"}],"wp:attachment":[{"href":"https:\/\/fgosselin.meca.polymtl.ca\/index.php?rest_route=%2Fwp%2Fv2%2Fmedia&parent=121"}],"curies":[{"name":"wp","href":"https:\/\/api.w.org\/{rel}","templated":true}]}}