{"id":124,"date":"2015-04-24T19:12:49","date_gmt":"2015-04-24T19:12:49","guid":{"rendered":"http:\/\/fgosselin.meca.polymtl.ca\/?page_id=124"},"modified":"2015-10-16T14:14:28","modified_gmt":"2015-10-16T18:14:28","slug":"videos-3","status":"publish","type":"page","link":"https:\/\/fgosselin.meca.polymtl.ca\/?page_id=124&lang=fr","title":{"rendered":"Vid\u00e9os"},"content":{"rendered":"<p><strong>Instability-assisted microfabrication<\/strong><\/p>\n<p><center><iframe loading=\"lazy\" src=\"https:\/\/player.vimeo.com\/video\/128296838\" width=\"500\" height=\"281\" frameborder=\"0\" allowfullscreen=\"allowfullscreen\"><\/iframe><\/center><strong>Reconfiguration of a poroelastic system<\/strong><\/p>\n<p><center><iframe loading=\"lazy\" src=\"https:\/\/player.vimeo.com\/video\/8169002\" width=\"500\" height=\"281\" frameborder=\"0\" allowfullscreen=\"allowfullscreen\"><\/iframe><\/center><br \/>\nPoroelastic system (a Hasbro Koosh ball) subjected to a stream of air varying from 0 to 30 meters per second in a wind tunnel. Like a tree subjected to wind, this poroelastic system becomes more streamlined as the drag load increases.<\/p>\n<p><strong>Reconfiguration of a flexible rectangular plate<\/strong><\/p>\n<p><center><iframe loading=\"lazy\" src=\"https:\/\/player.vimeo.com\/video\/8176667\" width=\"500\" height=\"313\" frameborder=\"0\" allowfullscreen=\"allowfullscreen\"><\/iframe><\/center><br \/>\nAs the flow speed inside the wind tunnel is increased from 0 to 20 meters per second, the flexible rectangular plate bends down. As it does so, it becomes more streamlined and reduces its cross-sectional area.<br \/>\nSee the paper &#8220;Drag reduction by reconfiguration of flexible plates&#8221; for more information.<\/p>\n<p><strong>Reconfiguration of a circular plate cut along many radii<\/strong><\/p>\n<p><center><iframe loading=\"lazy\" src=\"https:\/\/player.vimeo.com\/video\/8176539\" width=\"500\" height=\"313\" frameborder=\"0\" allowfullscreen=\"allowfullscreen\"><\/iframe><\/center><br \/>\nAs the flow speed in the wind tunnel is increased from 0 to 20 meters per second, the sectors of the disk bend down, hence making the object more streamlined and reducing its cross-sectional area.<br \/>\nSee the paper &#8220;Drag reduction by reconfiguration of flexible plates&#8221; for more information.<\/p>\n<p><strong>Mesurer la pression dans une canette de bi\u00e8re \u00e0 l&#8217;aide de jauges de d\u00e9formation<\/strong><\/p>\n<p><center><iframe loading=\"lazy\" src=\"https:\/\/player.vimeo.com\/video\/142554114\" width=\"500\" height=\"278\" frameborder=\"0\" allowfullscreen=\"allowfullscreen\"><\/iframe><\/center><br \/>\nLes calculs permettant de trouver la pression dans la canette \u00e0 partir des d\u00e9formations mesur\u00e9es se trouve dans <a href=\"http:\/\/fgosselin.meca.polymtl.ca\/wp-content\/uploads\/2015\/04\/MEC2115-pression-canette.pdf\">cet extrait des notes de cours de m\u00e9thodes exp\u00e9rimentales.<\/a><\/p>\n","protected":false},"excerpt":{"rendered":"<p>Instability-assisted microfabrication Reconfiguration of a poroelastic system Poroelastic system (a Hasbro Koosh ball) subjected to a stream of air varying from 0 to 30 meters per second in a wind tunnel. Like a tree subjected to wind, this poroelastic system &hellip; <a href=\"https:\/\/fgosselin.meca.polymtl.ca\/?page_id=124&#038;lang=fr\">Continue reading <span class=\"meta-nav\">&rarr;<\/span><\/a><\/p>\n","protected":false},"author":1,"featured_media":0,"parent":0,"menu_order":0,"comment_status":"closed","ping_status":"open","template":"sidebar-page.php","meta":{"footnotes":""},"class_list":["post-124","page","type-page","status-publish","hentry"],"jetpack_sharing_enabled":true,"jetpack_shortlink":"https:\/\/wp.me\/P66sKU-20","jetpack-related-posts":[],"_links":{"self":[{"href":"https:\/\/fgosselin.meca.polymtl.ca\/index.php?rest_route=\/wp\/v2\/pages\/124","targetHints":{"allow":["GET"]}}],"collection":[{"href":"https:\/\/fgosselin.meca.polymtl.ca\/index.php?rest_route=\/wp\/v2\/pages"}],"about":[{"href":"https:\/\/fgosselin.meca.polymtl.ca\/index.php?rest_route=\/wp\/v2\/types\/page"}],"author":[{"embeddable":true,"href":"https:\/\/fgosselin.meca.polymtl.ca\/index.php?rest_route=\/wp\/v2\/users\/1"}],"replies":[{"embeddable":true,"href":"https:\/\/fgosselin.meca.polymtl.ca\/index.php?rest_route=%2Fwp%2Fv2%2Fcomments&post=124"}],"version-history":[{"count":6,"href":"https:\/\/fgosselin.meca.polymtl.ca\/index.php?rest_route=\/wp\/v2\/pages\/124\/revisions"}],"predecessor-version":[{"id":197,"href":"https:\/\/fgosselin.meca.polymtl.ca\/index.php?rest_route=\/wp\/v2\/pages\/124\/revisions\/197"}],"wp:attachment":[{"href":"https:\/\/fgosselin.meca.polymtl.ca\/index.php?rest_route=%2Fwp%2Fv2%2Fmedia&parent=124"}],"curies":[{"name":"wp","href":"https:\/\/api.w.org\/{rel}","templated":true}]}}