{"id":18,"date":"2014-01-05T19:53:01","date_gmt":"2014-01-05T19:53:01","guid":{"rendered":"http:\/\/fgosselin.meca.polymtl.ca\/?page_id=18"},"modified":"2021-03-29T19:01:25","modified_gmt":"2021-03-29T23:01:25","slug":"enseignement","status":"publish","type":"page","link":"https:\/\/fgosselin.meca.polymtl.ca\/?page_id=18&lang=fr","title":{"rendered":"Enseignement"},"content":{"rendered":"\n<figure class=\"wp-block-embed is-type-video is-provider-youtube wp-block-embed-youtube wp-embed-aspect-16-9 wp-has-aspect-ratio\"><div class=\"wp-block-embed__wrapper\">\n<span class=\"embed-youtube\" style=\"text-align:center; display: block;\"><iframe loading=\"lazy\" class=\"youtube-player\" width=\"584\" height=\"329\" src=\"https:\/\/www.youtube.com\/embed\/QQxqWh0aUvk?version=3&#038;rel=1&#038;showsearch=0&#038;showinfo=1&#038;iv_load_policy=1&#038;fs=1&#038;hl=en-CA&#038;autohide=2&#038;wmode=transparent\" allowfullscreen=\"true\" style=\"border:0;\" sandbox=\"allow-scripts allow-same-origin allow-popups allow-presentation allow-popups-to-escape-sandbox\"><\/iframe><\/span>\n<\/div><\/figure>\n\n\n\n<p>Fr\u00e9d\u00e9rick Gosselin enseigne les cours suivants :<\/p>\n\n\n\n<p><strong>Interactions Fluide-Structure, MEC6514<\/strong><br>Toutes les pr\u00e9sentations de ma moiti\u00e9 du cours sont disponible en ligne gratuitement<br><a href=\"https:\/\/www.youtube.com\/c\/FrederickGosselin\/playlists?view=50&amp;sort=dd&amp;shelf_id=2\">https:\/\/www.youtube.com\/c\/FrederickGosselin\/playlists?view=50&amp;sort=dd&amp;shelf_id=2<\/a><br>Le mat\u00e9riel du cours est r\u00e9serv\u00e9 pour les \u00e9tudiants inscrits<br><a href=\"https:\/\/moodle.polymtl.ca\/course\/view.php?name=MEC6514\">https:\/\/moodle.polymtl.ca\/course\/view.php?name=MEC6514<\/a><\/p>\n\n\n\n<p><strong>\u00c9l\u00e9ments finis en m\u00e9canique du solide, MEC3400<\/strong><br>Finite Elements in Solid Mechanics<br>Toutes les pr\u00e9sentations de ma moiti\u00e9 du cours sont disponible en ligne gratuitement<br><a href=\"https:\/\/www.youtube.com\/channel\/UCJr1eOFUAQDuuQ5LcQRYmbA\/playlists?view=50&amp;shelf_id=1\">https:\/\/www.youtube.com\/channel\/UCJr1eOFUAQDuuQ5LcQRYmbA\/playlists?view=50&amp;shelf_id=1<\/a>&nbsp;<br>Le mat\u00e9riel du cours est r\u00e9serv\u00e9 pour les \u00e9tudiants inscrits<br><a href=\"https:\/\/moodle.polymtl.ca\/course\/view.php?id=2387\">https:\/\/moodle.polymtl.ca\/course\/view.php?id=2387<\/a>&nbsp;<\/p>\n\n\n\n<p><strong>M\u00e9thodes exp\u00e9rimentales et instrumentation en m\u00e9canique, MEC2115 &amp; AER2100<\/strong><br><a href=\"https:\/\/moodle.polymtl.ca\/course\/view.php?name=MEC2115\">https:\/\/moodle.polymtl.ca\/course\/view.php?name=MEC2115<\/a><\/p>\n","protected":false},"excerpt":{"rendered":"<p>Fr\u00e9d\u00e9rick Gosselin enseigne les cours suivants : Interactions Fluide-Structure, MEC6514Toutes les pr\u00e9sentations de ma moiti\u00e9 du cours sont disponible en ligne gratuitementhttps:\/\/www.youtube.com\/c\/FrederickGosselin\/playlists?view=50&amp;sort=dd&amp;shelf_id=2Le mat\u00e9riel du cours est r\u00e9serv\u00e9 pour les \u00e9tudiants inscritshttps:\/\/moodle.polymtl.ca\/course\/view.php?name=MEC6514 \u00c9l\u00e9ments finis en m\u00e9canique du solide, MEC3400Finite Elements in &hellip; <a href=\"https:\/\/fgosselin.meca.polymtl.ca\/?page_id=18&#038;lang=fr\">Continue reading <span class=\"meta-nav\">&rarr;<\/span><\/a><\/p>\n","protected":false},"author":2,"featured_media":0,"parent":0,"menu_order":0,"comment_status":"closed","ping_status":"open","template":"sidebar-page.php","meta":{"footnotes":""},"class_list":["post-18","page","type-page","status-publish","hentry"],"jetpack_sharing_enabled":true,"jetpack_shortlink":"https:\/\/wp.me\/P66sKU-i","jetpack-related-posts":[],"_links":{"self":[{"href":"https:\/\/fgosselin.meca.polymtl.ca\/index.php?rest_route=\/wp\/v2\/pages\/18","targetHints":{"allow":["GET"]}}],"collection":[{"href":"https:\/\/fgosselin.meca.polymtl.ca\/index.php?rest_route=\/wp\/v2\/pages"}],"about":[{"href":"https:\/\/fgosselin.meca.polymtl.ca\/index.php?rest_route=\/wp\/v2\/types\/page"}],"author":[{"embeddable":true,"href":"https:\/\/fgosselin.meca.polymtl.ca\/index.php?rest_route=\/wp\/v2\/users\/2"}],"replies":[{"embeddable":true,"href":"https:\/\/fgosselin.meca.polymtl.ca\/index.php?rest_route=%2Fwp%2Fv2%2Fcomments&post=18"}],"version-history":[{"count":2,"href":"https:\/\/fgosselin.meca.polymtl.ca\/index.php?rest_route=\/wp\/v2\/pages\/18\/revisions"}],"predecessor-version":[{"id":607,"href":"https:\/\/fgosselin.meca.polymtl.ca\/index.php?rest_route=\/wp\/v2\/pages\/18\/revisions\/607"}],"wp:attachment":[{"href":"https:\/\/fgosselin.meca.polymtl.ca\/index.php?rest_route=%2Fwp%2Fv2%2Fmedia&parent=18"}],"curies":[{"name":"wp","href":"https:\/\/api.w.org\/{rel}","templated":true}]}}